{"id":11,"date":"2026-02-07T16:56:14","date_gmt":"2026-02-07T15:56:14","guid":{"rendered":"https:\/\/finoratingen.de\/kontakt\/"},"modified":"2026-02-12T08:32:14","modified_gmt":"2026-02-12T07:32:14","slug":"kontakt","status":"publish","type":"page","link":"https:\/\/finoratingen.de\/pl\/kontakt\/","title":{"rendered":"Kontakt"},"content":{"rendered":"<div class=\"wp-block-group alignfull is-style-default has-global-padding is-content-justification-center is-layout-constrained wp-block-group-is-layout-constrained\" style=\"margin-top:0;margin-bottom:0;padding-top:var(--wp--preset--spacing--40);padding-bottom:var(--wp--preset--spacing--40)\">\n<figure class=\"wp-block-image size-full is-layout-flex wp-container-core-columns-is-layout-7d3da7e7 wp-block-columns-is-layout-flex\"><\/figure>\r\n<div class=\"wp-block-columns alignwide\">\r\n<div class=\"wp-block-column is-vertically-aligned-center\">\r\n<p class=\"has-large-font-size\"><strong><img data-recalc-dims=\"1\" loading=\"lazy\" decoding=\"async\" data-attachment-id=\"27\" data-permalink=\"https:\/\/finoratingen.de\/pl\/a70eef02-8784-4a1a-a5d0-7bd1ba4e8652-1\/\" data-orig-file=\"https:\/\/i0.wp.com\/finoratingen.de\/wp-content\/uploads\/2026\/02\/a70eef02-8784-4a1a-a5d0-7bd1ba4e8652-1-e1770842371354.png?fit=1096%2C678&amp;ssl=1\" data-orig-size=\"1096,678\" data-comments-opened=\"1\" data-image-meta=\"{&quot;aperture&quot;:&quot;0&quot;,&quot;credit&quot;:&quot;&quot;,&quot;camera&quot;:&quot;&quot;,&quot;caption&quot;:&quot;&quot;,&quot;created_timestamp&quot;:&quot;0&quot;,&quot;copyright&quot;:&quot;&quot;,&quot;focal_length&quot;:&quot;0&quot;,&quot;iso&quot;:&quot;0&quot;,&quot;shutter_speed&quot;:&quot;0&quot;,&quot;title&quot;:&quot;&quot;,&quot;orientation&quot;:&quot;0&quot;}\" data-image-title=\"a70eef02-8784-4a1a-a5d0-7bd1ba4e8652 (1)\" data-image-description=\"\" data-image-caption=\"\" data-large-file=\"https:\/\/i0.wp.com\/finoratingen.de\/wp-content\/uploads\/2026\/02\/a70eef02-8784-4a1a-a5d0-7bd1ba4e8652-1-e1770842371354.png?fit=1024%2C633&amp;ssl=1\" class=\"aligncenter wp-image-27\" src=\"https:\/\/i0.wp.com\/finoratingen.de\/wp-content\/uploads\/2026\/02\/a70eef02-8784-4a1a-a5d0-7bd1ba4e8652-1-e1770842371354-300x186.png?resize=569%2C353&#038;ssl=1\" alt=\"\" width=\"569\" height=\"353\" srcset=\"https:\/\/i0.wp.com\/finoratingen.de\/wp-content\/uploads\/2026\/02\/a70eef02-8784-4a1a-a5d0-7bd1ba4e8652-1-e1770842371354.png?resize=300%2C186&amp;ssl=1 300w, https:\/\/i0.wp.com\/finoratingen.de\/wp-content\/uploads\/2026\/02\/a70eef02-8784-4a1a-a5d0-7bd1ba4e8652-1-e1770842371354.png?resize=768%2C475&amp;ssl=1 768w, https:\/\/i0.wp.com\/finoratingen.de\/wp-content\/uploads\/2026\/02\/a70eef02-8784-4a1a-a5d0-7bd1ba4e8652-1-e1770842371354.png?resize=1024%2C633&amp;ssl=1 1024w, https:\/\/i0.wp.com\/finoratingen.de\/wp-content\/uploads\/2026\/02\/a70eef02-8784-4a1a-a5d0-7bd1ba4e8652-1-e1770842371354.png?resize=18%2C12&amp;ssl=1 18w, https:\/\/i0.wp.com\/finoratingen.de\/wp-content\/uploads\/2026\/02\/a70eef02-8784-4a1a-a5d0-7bd1ba4e8652-1-e1770842371354.png?w=1096&amp;ssl=1 1096w\" sizes=\"auto, (max-width: 569px) 100vw, 569px\" \/><\/strong><\/p>\r\n<p>&nbsp;<\/p>\r\n<p class=\"has-large-font-size\"><strong>Skontaktuj si\u0119 z nami<\/strong><\/p>\r\n<p>Masz pytania dotycz\u0105ce ksi\u0119gowo\u015bci lub chcesz rozpocz\u0105\u0107 wsp\u00f3\u0142prac\u0119?<br \/>Ch\u0119tnie om\u00f3wimy potrzeby Twojej firmy i zaproponujemy odpowiednie rozwi\u0105zania.<\/p>\r\n<p class=\"has-medium-font-size\">Skontaktuj si\u0119 z nami telefonicznie lub mailowo.<br \/>Odpowiemy niezw\u0142ocznie \u2014 w j\u0119zyku niemieckim lub polskim, zale\u017cnie od Pa\u0144stwa \u017cyczenia.<\/p>\r\n<\/div>\r\n<\/div>\n<\/div>\n\n\n\n<div class=\"wp-block-group alignfull is-style-section-2 has-global-padding is-content-justification-center is-layout-constrained wp-container-core-group-is-layout-ad0e6e8e wp-block-group-is-layout-constrained\" style=\"margin-top:0;margin-bottom:0;padding-top:var(--wp--preset--spacing--50);padding-bottom:var(--wp--preset--spacing--40)\">\n<div class=\"wp-block-group is-layout-flow wp-container-core-group-is-layout-4c1f7559 wp-block-group-is-layout-flow\">\n<h1 class=\"wp-block-heading ai-ignore\"><br \/>Odwied\u017a nas<\/h1>\n\n\n\n<div class=\"wp-block-group is-layout-flow wp-container-core-group-is-layout-0e1a9516 wp-block-group-is-layout-flow\" style=\"padding-top:var(--wp--preset--spacing--20);padding-bottom:var(--wp--preset--spacing--20)\">\n<p class=\"has-text-align-center is-contact-address wp-block-paragraph\"><strong>Znajdziesz nas tutaj: <\/strong><\/p>\n\n\n\n<p class=\"has-text-align-center wp-block-paragraph\">Harkortstrasse 25<\/p>\n\n\n\n<p class=\"has-text-align-center wp-block-paragraph\"><strong>Boczne wej\u015bcie, 2 pi\u0119tro<\/strong><\/p>\n\n\n\n<p class=\"has-text-align-center wp-block-paragraph\">40880 Ratingen<\/p>\n<\/div>\n\n\n\n<div class=\"wp-block-jetpack-map is-style-satellite\" data-map-id=\"jp-map-1\" data-map-provider=\"mapkit\" data-api-key=\"pk.eyJ1IjoiYXV0b21hdHRpYyIsImEiOiJjazVpZjA5aWswYTFvM21sOWtzNW1rNG9lIn0.Gu-sp4wRxnnQB-Qa8CpuZQ\" data-map-style=\"satellite\" data-blog-id=\"252436183\"><ul><li><a href=\"https:\/\/www.google.com\/maps\/search\/?api=1&amp;query=51.3093804,6.8323795\">Harkortstra\u00dfe 25, Tiefenbroich, Ratingen, Niemcy<\/a><\/li><\/ul><\/div>\n\n\n\n<div class=\"wp-block-group is-layout-flow wp-container-core-group-is-layout-b4d04ffe wp-block-group-is-layout-flow\">\n<h3 class=\"wp-block-heading ai-ignore has-small-font-size\"><br><br><\/h3>\n\n\n\n<p class=\"has-text-align-center is-contact-opening-hours wp-block-paragraph\"><strong>Biuro jest czynne:<\/strong><\/p>\n\n\n\n<p class=\"has-text-align-center is-contact-opening-hours wp-block-paragraph\">Od poniedzia\u0142ku do czwartku od 9:00 do 14:00<\/p>\n\n\n\n<p class=\"has-text-align-center is-contact-opening-hours wp-block-paragraph\">Pi\u0105tek od 9:00 do 12:00<\/p>\n\n\n\n<p class=\"has-text-align-center is-contact-opening-hours wp-block-paragraph\">Spotkania poza podanymi godzinami s\u0105 mo\u017cliwe po uzgodnieniu.<\/p>\n\n\n\n<p class=\"has-text-align-center is-contact-opening-hours wp-block-paragraph\">Odpowiemy niezw\u0142ocznie.<\/p>\n<\/div>\n\n\n\n<div class=\"wp-block-group is-layout-flow wp-container-core-group-is-layout-b4d04ffe wp-block-group-is-layout-flow\">\n<h3 class=\"wp-block-heading ai-ignore has-small-font-size\"><br><br><\/h3>\n\n\n\n<p class=\"has-text-align-center is-contact-phone wp-block-paragraph\"><strong>Mo\u017cna si\u0119 z nami skontaktowa\u0107 telefonicznie pod numerem <\/strong><\/p>\n\n\n\n<p class=\"has-text-align-center is-contact-phone wp-block-paragraph\">+49 02102 4419983<\/p>\n\n\n\n<p class=\"has-text-align-center wp-block-paragraph\">+49 172 798 28 42<\/p>\n\n\n\n<p class=\"has-text-align-center is-contact-phone wp-block-paragraph\">Od poniedzia\u0142ku do czwartku od 9:00 do 14:00<\/p>\n\n\n\n<p class=\"has-text-align-center wp-block-paragraph\">Pi\u0105tek od 9:00 do 12:00<\/p>\n\n\n\n<p class=\"has-text-align-center is-contact-phone wp-block-paragraph\">Poza tymi godzinami prosimy o pozostawienie wiadomo\u015bci.<\/p>\n\n\n\n<p class=\"has-text-align-center wp-block-paragraph\">E-mail: jkisielewska@finoratingen.com<\/p>\n<\/div>\n<\/div>\n<\/div>","protected":false},"excerpt":{"rendered":"<p>&nbsp; Kontaktieren Sie uns Haben Sie Fragen zur Buchhaltung oder m\u00f6chten Sie eine Zusammenarbeit beginnen?Gerne besprechen wir die Anforderungen Ihres Unternehmens und schlagen passende L\u00f6sungen vor. Kontaktieren Sie uns telefonisch oder per E-Mail.Wir antworten zeitnah \u2014 auf Deutsch oder Polnisch, ganz nach Ihren W\u00fcnschen. Visit us Sie finden uns hier: Harkortstrasse 25 Seiteneingang 2 OG [&hellip;]<\/p>\n","protected":false},"author":276830444,"featured_media":0,"parent":0,"menu_order":3,"comment_status":"closed","ping_status":"closed","template":"","meta":{"_crdt_document":"","advanced_seo_description":"","jetpack_seo_html_title":"","jetpack_seo_noindex":false,"footnotes":"","big_sky_generated":true},"class_list":["post-11","page","type-page","status-publish","hentry"],"jetpack_likes_enabled":true,"jetpack_sharing_enabled":true,"jetpack_shortlink":"https:\/\/wp.me\/Ph5cbl-b","jetpack-related-posts":[{"id":78,"url":"https:\/\/finoratingen.de\/pl\/kontakt-2\/","url_meta":{"origin":11,"position":0},"title":"Kontakt","author":"Bartosz K","date":"8 lutego, 2026","format":false,"excerpt":"Skontaktuj si\u0119 z nami Masz pytania dotycz\u0105ce ksi\u0119gowo\u015bci lub chcesz nawi\u0105za\u0107 wsp\u00f3\u0142prac\u0119? Z przyjemno\u015bci\u0105 om\u00f3wimy potrzeby Twojej firmy i zaproponujemy odpowiednie rozwi\u0105zania. Skontaktuj si\u0119 z nami telefonicznie lub mailowo. Odpowiemy szybko \u2013 w j\u0119zyku niemieckim lub polskim, w zale\u017cno\u015bci od Twoich preferencji. Odwied\u017a nas Znajdziesz nas tutaj: Harkortstrasse 25 Seiteneingang\u2026","rel":"","context":"Podobny wpis","block_context":{"text":"Podobny wpis","link":""},"img":{"alt_text":"A minimalist, contemporary accounting office desk scene featuring a sleek silver laptop displaying a clean financial dashboard with tidy bar charts and balance sheets. The laptop rests on a light oak desktop with neatly stacked neutral-gray folders labeled \u201cFinanzbuchhaltung\u201d and \u201cLohnabrechnung\u201d in precise typography. A closed navy-blue notebook and a slim silver calculator align parallel to the desk edge, emphasizing order. Soft, diffused daylight from an unseen window illuminates the workspace, casting gentle shadows and subtle reflections on the laptop casing. The background is softly blurred, hinting at white shelving with neatly organized ring binders. Photographic realism with a calm, professional, corporate aesthetic, shot at eye level with shallow depth of field for a focused, trustworthy atmosphere.","src":"https:\/\/i0.wp.com\/finoratingen.de\/wp-content\/uploads\/2026\/02\/fino-buchhaltung-und-lohnservice-joanna-kisielewska-698760a43d40f-e1770842137197.png?resize=350%2C200&ssl=1","width":350,"height":200,"srcset":"https:\/\/i0.wp.com\/finoratingen.de\/wp-content\/uploads\/2026\/02\/fino-buchhaltung-und-lohnservice-joanna-kisielewska-698760a43d40f-e1770842137197.png?resize=350%2C200&ssl=1 1x, https:\/\/i0.wp.com\/finoratingen.de\/wp-content\/uploads\/2026\/02\/fino-buchhaltung-und-lohnservice-joanna-kisielewska-698760a43d40f-e1770842137197.png?resize=525%2C300&ssl=1 1.5x, https:\/\/i0.wp.com\/finoratingen.de\/wp-content\/uploads\/2026\/02\/fino-buchhaltung-und-lohnservice-joanna-kisielewska-698760a43d40f-e1770842137197.png?resize=700%2C400&ssl=1 2x"},"classes":[]},{"id":164,"url":"https:\/\/finoratingen.de\/pl\/impressum\/","url_meta":{"origin":11,"position":1},"title":"Odcisk","author":"Bartosz K","date":"10 lutego, 2026","format":false,"excerpt":"Impressum Angaben gem\u00e4\u00df \u00a7 5 TMG FINO Buchhaltung und Lohnservice Joanna KisielewskaHarkortstra\u00dfe 2540880 RatingenDeutschland Vertreten durch:Joanna Kisielewska Kontakt Telefon: 02102 4419983Mobil: 0172 798 28 42E-Mail: jkisielewska@finoratingen.com Steuernummer Steuernummer: 147\/5172\/3318 Aufsichtsbeh\u00f6rde Zust\u00e4ndige Aufsichtsbeh\u00f6rde:(falls erforderlich \u2013 z. B. zust\u00e4ndiges Finanzamt oder Kammer eintragen) Berufsbezeichnung und berufsrechtliche Regelungen Soweit Leistungen im Bereich der\u2026","rel":"","context":"Podobny wpis","block_context":{"text":"Podobny wpis","link":""},"img":{"alt_text":"","src":"","width":0,"height":0},"classes":[]},{"id":12,"url":"https:\/\/finoratingen.de\/pl\/ueber-uns\/","url_meta":{"origin":11,"position":2},"title":"O nas","author":"Bartosz K","date":"7 lutego, 2026","format":false,"excerpt":"\u00dcber uns FINO Buchhaltung und Lohnservice Joanna Kisielewska steht f\u00fcr pers\u00f6nliche Betreuung, fachliche Kompetenz und kontinuierliche Weiterentwicklung. Unser B\u00fcro ist bewusst auf den direkten Kontakt mit unseren Mandanten ausgerichtet \u2013 denn Vertrauen, klare Kommunikation und individuelle L\u00f6sungen bilden die Grundlage einer erfolgreichen Zusammenarbeit. \u201eJoanna Kisielewska verf\u00fcgt \u00fcber langj\u00e4hrige Berufserfahrung in\u2026","rel":"","context":"Podobny wpis","block_context":{"text":"Podobny wpis","link":""},"img":{"alt_text":"A minimalist, contemporary accounting office desk scene featuring a sleek silver laptop displaying a clean financial dashboard with tidy bar charts and balance sheets. The laptop rests on a light oak desktop with neatly stacked neutral-gray folders labeled \u201cFinanzbuchhaltung\u201d and \u201cLohnabrechnung\u201d in precise typography. A closed navy-blue notebook and a slim silver calculator align parallel to the desk edge, emphasizing order. Soft, diffused daylight from an unseen window illuminates the workspace, casting gentle shadows and subtle reflections on the laptop casing. The background is softly blurred, hinting at white shelving with neatly organized ring binders. Photographic realism with a calm, professional, corporate aesthetic, shot at eye level with shallow depth of field for a focused, trustworthy atmosphere.","src":"https:\/\/i0.wp.com\/finoratingen.de\/wp-content\/uploads\/2026\/02\/fino-buchhaltung-und-lohnservice-joanna-kisielewska-698760a43d40f-e1770842137197.png?resize=350%2C200&ssl=1","width":350,"height":200,"srcset":"https:\/\/i0.wp.com\/finoratingen.de\/wp-content\/uploads\/2026\/02\/fino-buchhaltung-und-lohnservice-joanna-kisielewska-698760a43d40f-e1770842137197.png?resize=350%2C200&ssl=1 1x, https:\/\/i0.wp.com\/finoratingen.de\/wp-content\/uploads\/2026\/02\/fino-buchhaltung-und-lohnservice-joanna-kisielewska-698760a43d40f-e1770842137197.png?resize=525%2C300&ssl=1 1.5x, https:\/\/i0.wp.com\/finoratingen.de\/wp-content\/uploads\/2026\/02\/fino-buchhaltung-und-lohnservice-joanna-kisielewska-698760a43d40f-e1770842137197.png?resize=700%2C400&ssl=1 2x"},"classes":[]},{"id":159,"url":"https:\/\/finoratingen.de\/pl\/datenschutz-bestimmungen\/","url_meta":{"origin":11,"position":3},"title":"Polityka prywatno\u015bci","author":"Bartosz K","date":"10 lutego, 2026","format":false,"excerpt":"Datenschutzerkl\u00e4rung 1. Allgemeine Hinweise Der Schutz Ihrer personenbezogenen Daten hat f\u00fcr uns einen hohen Stellenwert. Wir verarbeiten Ihre Daten ausschlie\u00dflich im Einklang mit den geltenden gesetzlichen Datenschutzvorschriften, insbesondere der Datenschutz-Grundverordnung (DSGVO) sowie dem Bundesdatenschutzgesetz (BDSG). Diese Datenschutzerkl\u00e4rung informiert Sie \u00fcber Art, Umfang und Zweck der Verarbeitung personenbezogener Daten auf unserer\u2026","rel":"","context":"Podobny wpis","block_context":{"text":"Podobny wpis","link":""},"img":{"alt_text":"","src":"","width":0,"height":0},"classes":[]}],"_links":{"self":[{"href":"https:\/\/finoratingen.de\/pl\/wp-json\/wp\/v2\/pages\/11","targetHints":{"allow":["GET"]}}],"collection":[{"href":"https:\/\/finoratingen.de\/pl\/wp-json\/wp\/v2\/pages"}],"about":[{"href":"https:\/\/finoratingen.de\/pl\/wp-json\/wp\/v2\/types\/page"}],"author":[{"embeddable":true,"href":"https:\/\/finoratingen.de\/pl\/wp-json\/wp\/v2\/users\/276830444"}],"replies":[{"embeddable":true,"href":"https:\/\/finoratingen.de\/pl\/wp-json\/wp\/v2\/comments?post=11"}],"version-history":[{"count":34,"href":"https:\/\/finoratingen.de\/pl\/wp-json\/wp\/v2\/pages\/11\/revisions"}],"predecessor-version":[{"id":222,"href":"https:\/\/finoratingen.de\/pl\/wp-json\/wp\/v2\/pages\/11\/revisions\/222"}],"wp:attachment":[{"href":"https:\/\/finoratingen.de\/pl\/wp-json\/wp\/v2\/media?parent=11"}],"curies":[{"name":"wp","href":"https:\/\/api.w.org\/{rel}","templated":true}]}}